{"id":1605,"date":"2019-03-26T15:26:17","date_gmt":"2019-03-26T14:26:17","guid":{"rendered":"http:\/\/tbc74.fr\/new%20wordpress\/?page_id=1605"},"modified":"2025-07-12T14:45:52","modified_gmt":"2025-07-12T12:45:52","slug":"merci-a-nos-partenaires-du-37eme-tournoi-international-du-leman","status":"publish","type":"page","link":"https:\/\/tbc74.fr\/new%20wordpress\/index.php\/merci-a-nos-partenaires-du-37eme-tournoi-international-du-leman\/","title":{"rendered":"Merci \u00e0 nos partenaires du 41\u00e8me tournoi international du L\u00e9man !"},"content":{"rendered":"\n<h4 class=\"wp-block-heading\" id=\"mce_0\">Nous tenons \u00e0 remercier chaleureusement nos partenaires du\u00a041\u00e8me tournoi international du L\u00e9man !<\/h4>\n\n\n\n<figure class=\"wp-block-image size-large\"><img loading=\"lazy\" decoding=\"async\" width=\"1024\" height=\"682\" src=\"https:\/\/tbc74.fr\/new%20wordpress\/wp-content\/uploads\/2025\/07\/IMG_3612-1024x682.jpg\" alt=\"\" class=\"wp-image-3110\" srcset=\"https:\/\/tbc74.fr\/new%20wordpress\/wp-content\/uploads\/2025\/07\/IMG_3612-1024x682.jpg 1024w, https:\/\/tbc74.fr\/new%20wordpress\/wp-content\/uploads\/2025\/07\/IMG_3612-300x200.jpg 300w, https:\/\/tbc74.fr\/new%20wordpress\/wp-content\/uploads\/2025\/07\/IMG_3612-768x512.jpg 768w, https:\/\/tbc74.fr\/new%20wordpress\/wp-content\/uploads\/2025\/07\/IMG_3612-1536x1024.jpg 1536w, https:\/\/tbc74.fr\/new%20wordpress\/wp-content\/uploads\/2025\/07\/IMG_3612.jpg 2000w\" sizes=\"auto, (max-width: 1024px) 100vw, 1024px\" \/><\/figure>\n","protected":false},"excerpt":{"rendered":"<p>Nous tenons \u00e0 remercier chaleureusement nos partenaires du\u00a041\u00e8me tournoi international du L\u00e9man !<\/p>\n","protected":false},"author":1,"featured_media":0,"parent":0,"menu_order":0,"comment_status":"closed","ping_status":"closed","template":"","meta":{"footnotes":""},"class_list":["post-1605","page","type-page","status-publish","hentry"],"jetpack_sharing_enabled":true,"_links":{"self":[{"href":"https:\/\/tbc74.fr\/new%20wordpress\/index.php\/wp-json\/wp\/v2\/pages\/1605","targetHints":{"allow":["GET"]}}],"collection":[{"href":"https:\/\/tbc74.fr\/new%20wordpress\/index.php\/wp-json\/wp\/v2\/pages"}],"about":[{"href":"https:\/\/tbc74.fr\/new%20wordpress\/index.php\/wp-json\/wp\/v2\/types\/page"}],"author":[{"embeddable":true,"href":"https:\/\/tbc74.fr\/new%20wordpress\/index.php\/wp-json\/wp\/v2\/users\/1"}],"replies":[{"embeddable":true,"href":"https:\/\/tbc74.fr\/new%20wordpress\/index.php\/wp-json\/wp\/v2\/comments?post=1605"}],"version-history":[{"count":2,"href":"https:\/\/tbc74.fr\/new%20wordpress\/index.php\/wp-json\/wp\/v2\/pages\/1605\/revisions"}],"predecessor-version":[{"id":3111,"href":"https:\/\/tbc74.fr\/new%20wordpress\/index.php\/wp-json\/wp\/v2\/pages\/1605\/revisions\/3111"}],"wp:attachment":[{"href":"https:\/\/tbc74.fr\/new%20wordpress\/index.php\/wp-json\/wp\/v2\/media?parent=1605"}],"curies":[{"name":"wp","href":"https:\/\/api.w.org\/{rel}","templated":true}]}}