{"id":19,"date":"2019-01-20T09:48:22","date_gmt":"2019-01-20T08:48:22","guid":{"rendered":"http:\/\/tbc74.fr\/new%20wordpress\/?page_id=19"},"modified":"2025-08-12T13:06:16","modified_gmt":"2025-08-12T11:06:16","slug":"saison-2020-2021","status":"publish","type":"page","link":"https:\/\/tbc74.fr\/new%20wordpress\/","title":{"rendered":"Saison 2025 &#8211; 2026"},"content":{"rendered":"\n<figure class=\"wp-block-image size-large\"><img loading=\"lazy\" decoding=\"async\" width=\"1024\" height=\"512\" src=\"https:\/\/tbc74.fr\/new%20wordpress\/wp-content\/uploads\/2025\/06\/papier-1-1024x512.png\" alt=\"\" class=\"wp-image-3059\" srcset=\"https:\/\/tbc74.fr\/new%20wordpress\/wp-content\/uploads\/2025\/06\/papier-1-1024x512.png 1024w, https:\/\/tbc74.fr\/new%20wordpress\/wp-content\/uploads\/2025\/06\/papier-1-300x150.png 300w, https:\/\/tbc74.fr\/new%20wordpress\/wp-content\/uploads\/2025\/06\/papier-1-768x384.png 768w, https:\/\/tbc74.fr\/new%20wordpress\/wp-content\/uploads\/2025\/06\/papier-1-1536x768.png 1536w, https:\/\/tbc74.fr\/new%20wordpress\/wp-content\/uploads\/2025\/06\/papier-1-2048x1024.png 2048w\" sizes=\"auto, (max-width: 1024px) 100vw, 1024px\" \/><\/figure>\n\n\n\n<p class=\"has-text-align-center\"><\/p>\n\n\n\n<p class=\"has-black-color has-text-color\"><strong>Les entra\u00eenements et le jeu libre d\u00e9buteront le lundi 08 septembre 2025. <\/strong><\/p>\n\n\n\n<p><strong>Vous trouverez toutes les informations utiles sur notre site :<br><\/strong><a href=\"https:\/\/tbc74.fr\/new%20wordpress\/index.php\/creneaux-horaires\/\">&gt; les cr\u00e9neaux horaires<\/a><br><a href=\"https:\/\/tbc74.fr\/new%20wordpress\/index.php\/tarifs\/\">&gt; les tarifs et modalit\u00e9s d\u2019inscription<\/a><br><a href=\"https:\/\/tbc74.fr\/new%20wordpress\/wp-content\/uploads\/2022\/08\/GUI02.04A01_ADM_TableauCategorieAge283.pdf\">&gt; les cat\u00e9gories d\u2019\u00e2ge<\/a><br><a href=\"https:\/\/tbc74.fr\/new%20wordpress\/index.php\/acces-aux-gymnases\/\">&gt; les plans d\u2019acc\u00e8s aux diff\u00e9rents gymnases<\/a><br><a href=\"https:\/\/tbc74.fr\/new%20wordpress\/index.php\/competition-adultes\/\"><\/a><\/p>\n\n\n\n<p><strong>Pour vous inscrire au club, vous devez : <br><\/strong>Nous remettre en main propre le <strong>formulaire d\u2019inscription<\/strong>, la <strong>fiche licenci\u00e9-e<\/strong>, l<strong>e questionnaire de sant\u00e9 <\/strong>et le <strong>r\u00e8glement<\/strong>.<\/p>\n\n\n\n<p>+ Lors du Forum des associations le 06 septembre 2025 de 14h \u00e0 17h \u00e0 la Maison des sports<\/p>\n\n\n\n<p>+Lors des permanences d&rsquo;inscription, les mardis et mercredis \u00e0 partir du mardi 09 septembre entre 19h et 21h, au gymnase St-Joseph \u00e0 Thonon.<\/p>\n\n\n\n<p>Ces documents sont disponibles dans notre rubrique&nbsp;<a href=\"https:\/\/tbc74.fr\/new%20wordpress\/index.php\/telechargements\/\">\u00ab&nbsp;T\u00e9l\u00e9chargements&nbsp;\u00bb<\/a>.<br>Attention, concernant le certificat m\u00e9dical, seul le mod\u00e8le de la FFBaD est accept\u00e9.<\/p>\n\n\n\n<p><strong>Le club est partenaire du \u00ab&nbsp;Pass\u2019R\u00e9gion&nbsp;\u00bb pour les jeunes de 16 \u00e0 25 ans de la r\u00e9gion Auvergne-Rh\u00f4ne-Alpes.<\/strong><br> Cette carte donne droit \u00e0 30 \u20ac de r\u00e9duction sur votre cotisation. Pour en b\u00e9n\u00e9ficier, vous devrez noter votre num\u00e9ro d\u2019adh\u00e9rent et votre code \u00e0 4 chiffres en haut du formulaire d\u2019inscription. Une caution de 30\u20ac vous sera demand\u00e9 en attendant d&rsquo;avoir le code. <\/p>\n\n\n\n<p><strong>De m\u00eame, le club est partenaire du \u00ab\u00a0Pass&rsquo;Sport\u00a0\u00bb<\/strong> Cette carte donne droit \u00e0 70 euros de r\u00e9duction sur votre cotisation. Pour en b\u00e9n\u00e9ficier, vous devez nous apporter lors de votre inscription le papier avec inscrit le code de r\u00e9duction.<\/p>\n\n\n\n<p><\/p>\n\n\n\n<p class=\"has-text-color\" style=\"color:#fa0000\"><strong>Attention, vous ne pourrez acc\u00e9der aux terrains qu\u2019une fois votre inscription valid\u00e9e (formulaire d\u2019inscription au complet, avec r\u00e8glement et certificat m\u00e9dical ou questionnaire de sant\u00e9).<\/strong><\/p>\n\n\n\n<p><strong>Notre club b\u00e9n\u00e9ficie d\u2019un partenariat avec le sp\u00e9cialiste du badminton \u00ab Pulse Sports \u00bb.<\/strong><br>Vous avez la possibilit\u00e9 d\u2019acheter en direct ou en ligne du mat\u00e9riel et des accessoires de badminton&nbsp;\u00e0 des prix pr\u00e9f\u00e9rentiels gr\u00e2ce \u00e0 des r\u00e9ductions sur les tarifs publics.<br><\/p>\n\n\n\n<p>Pour tout autre renseignement, vous pouvez nous contacter par mail : Thonon.tbc74@gmail.com<\/p>\n\n\n\n<p><strong>A tr\u00e8s bient\u00f4t sur les terrains !<\/strong><\/p>\n\n\n\n<p><\/p>\n","protected":false},"excerpt":{"rendered":"<p>Les entra\u00eenements et le jeu libre d\u00e9buteront le lundi 08 septembre 2025. Vous trouverez toutes les informations utiles sur notre site :&gt; les cr\u00e9neaux horaires&gt; les tarifs et modalit\u00e9s d\u2019inscription&gt; les cat\u00e9gories d\u2019\u00e2ge&gt; les plans d\u2019acc\u00e8s aux diff\u00e9rents gymnases Pour <a class=\"more-link\" href=\"https:\/\/tbc74.fr\/new%20wordpress\/\">Continuer la lecture <span class=\"screen-reader-text\">  Saison 2025 &#8211; 2026<\/span><span class=\"meta-nav\">&rarr;<\/span><\/a><\/p>\n","protected":false},"author":1,"featured_media":0,"parent":0,"menu_order":0,"comment_status":"closed","ping_status":"closed","template":"","meta":{"footnotes":""},"class_list":["post-19","page","type-page","status-publish","hentry"],"jetpack_sharing_enabled":true,"_links":{"self":[{"href":"https:\/\/tbc74.fr\/new%20wordpress\/index.php\/wp-json\/wp\/v2\/pages\/19","targetHints":{"allow":["GET"]}}],"collection":[{"href":"https:\/\/tbc74.fr\/new%20wordpress\/index.php\/wp-json\/wp\/v2\/pages"}],"about":[{"href":"https:\/\/tbc74.fr\/new%20wordpress\/index.php\/wp-json\/wp\/v2\/types\/page"}],"author":[{"embeddable":true,"href":"https:\/\/tbc74.fr\/new%20wordpress\/index.php\/wp-json\/wp\/v2\/users\/1"}],"replies":[{"embeddable":true,"href":"https:\/\/tbc74.fr\/new%20wordpress\/index.php\/wp-json\/wp\/v2\/comments?post=19"}],"version-history":[{"count":56,"href":"https:\/\/tbc74.fr\/new%20wordpress\/index.php\/wp-json\/wp\/v2\/pages\/19\/revisions"}],"predecessor-version":[{"id":3167,"href":"https:\/\/tbc74.fr\/new%20wordpress\/index.php\/wp-json\/wp\/v2\/pages\/19\/revisions\/3167"}],"wp:attachment":[{"href":"https:\/\/tbc74.fr\/new%20wordpress\/index.php\/wp-json\/wp\/v2\/media?parent=19"}],"curies":[{"name":"wp","href":"https:\/\/api.w.org\/{rel}","templated":true}]}}