{"id":25,"date":"2019-01-20T09:57:01","date_gmt":"2019-01-20T08:57:01","guid":{"rendered":"http:\/\/tbc74.fr\/new%20wordpress\/?page_id=25"},"modified":"2025-08-05T14:26:45","modified_gmt":"2025-08-05T12:26:45","slug":"creneaux-horaires","status":"publish","type":"page","link":"https:\/\/tbc74.fr\/new%20wordpress\/index.php\/creneaux-horaires\/","title":{"rendered":"Cr\u00e9neaux horaires \/ Saison 2025 &#8211; 2026"},"content":{"rendered":"\n<p><strong><mark style=\"background-color:#f9ff00\" class=\"has-inline-color\">Cliquez sur le lien pour d\u00e9couvrir <\/mark><\/strong>: <a href=\"https:\/\/tbc74.fr\/new%20wordpress\/wp-content\/uploads\/2025\/08\/Les-creneaux-1-1.pdf\">Les cr\u00e9neaux 25\/26<\/a> <\/p>\n\n\n\n<div class=\"wp-block-group is-vertical is-layout-flex wp-container-core-group-is-layout-8cf370e7 wp-block-group-is-layout-flex\">\n<p>Minibad\/Poussins : <strong>2016-2017-2018-2019-2020<\/strong><\/p>\n\n\n\n<p>Benjamins\/Minimes 1 :<strong> 2013-2014-2015<\/strong><\/p>\n\n\n\n<p>Minimes 2\/Cadets : <strong>2010-2011-2012<\/strong><\/p>\n<\/div>\n\n\n\n<p><\/p>\n\n\n\n<p><\/p>\n\n\n\n<p><strong>Adresses des diff\u00e9rents gymnases<\/strong><\/p>\n\n\n\n<p><strong><em>Gymnase Jean-Jacques Rousseau<\/em><\/strong><br>38 Avenue du G\u00e9n\u00e9ral de Gaulle, 74200 Thonon-les-Bains<\/p>\n\n\n\n<figure><iframe loading=\"lazy\" src=\"https:\/\/www.google.com\/maps\/embed?pb=!1m18!1m12!1m3!1d2753.133509093589!2d6.469342114878405!3d46.366739080788356!2m3!1f0!2f0!3f0!3m2!1i1024!2i768!4f13.1!3m3!1m2!1s0x478c3e60b7bbc961%3A0xf147579076da7740!2sCollege+Jean-Jacques+Rousseau!5e0!3m2!1sfr!2sfr!4v1448527663421\" width=\"600\" height=\"450\" allowfullscreen=\"allowfullscreen\"><\/iframe><\/figure>\n\n\n\n<p><\/p>\n\n\n\n<p><strong><em>Gymnase Saint Joseph<\/em><\/strong><br>16 Avenue d\u2019Evian, 74200 Thonon-les-Bains<\/p>\n\n\n\n<figure><iframe loading=\"lazy\" src=\"https:\/\/www.google.com\/maps\/embed?pb=!1m18!1m12!1m3!1d2752.692067325419!2d6.482254914878746!3d46.37549718019509!2m3!1f0!2f0!3f0!3m2!1i1024!2i768!4f13.1!3m3!1m2!1s0x478c3e8589ccb9a9%3A0x72438eaecdbc6122!2sColl%C3%A8ge+Lyc%C3%A9e+Saint+Joseph!5e0!3m2!1sfr!2sfr!4v1448527583066\" width=\"600\" height=\"450\" allowfullscreen=\"allowfullscreen\"><\/iframe><\/figure>\n\n\n\n<p><\/p>\n\n\n\n<p><em><strong>Gymnase Champagne<\/strong><\/em><br>3 rue Henri Baud, 74200&nbsp;Thonon-les-Bains<\/p>\n\n\n\n<figure><iframe loading=\"lazy\" src=\"https:\/\/www.google.com\/maps\/embed?pb=!1m18!1m12!1m3!1d2752.4947356999214!2d6.4921334148789205!3d46.379411779929896!2m3!1f0!2f0!3f0!3m2!1i1024!2i768!4f13.1!3m3!1m2!1s0x478c3e82dbb40a87%3A0xff6795dd7e666dec!2sColl%C3%A8ge+Champagne!5e0!3m2!1sfr!2sfr!4v1448527618544\" width=\"600\" height=\"450\" allowfullscreen=\"allowfullscreen\"><\/iframe><\/figure>\n\n\n\n<p><\/p>\n\n\n\n<p><strong><em>Maison des Sports<\/em><\/strong><br>Avenue de la grangette, 74200 Thonon-les-Bains<\/p>\n\n\n\n<figure><iframe loading=\"lazy\" src=\"https:\/\/www.google.com\/maps\/embed?pb=!1m18!1m12!1m3!1d2753.310388315816!2d6.46419881487825!3d46.36322948102604!2m3!1f0!2f0!3f0!3m2!1i1024!2i768!4f13.1!3m3!1m2!1s0x478c3e5d2b24065b%3A0x94ed5d56d9aff1cb!2sMaison+des+Sports!5e0!3m2!1sfr!2sfr!4v1448528246787\" width=\"600\" height=\"450\" allowfullscreen=\"allowfullscreen\"><\/iframe><\/figure>\n","protected":false},"excerpt":{"rendered":"<p>Cliquez sur le lien pour d\u00e9couvrir : Les cr\u00e9neaux 25\/26 Minibad\/Poussins : 2016-2017-2018-2019-2020 Benjamins\/Minimes 1 : 2013-2014-2015 Minimes 2\/Cadets : 2010-2011-2012 Adresses des diff\u00e9rents gymnases Gymnase Jean-Jacques Rousseau38 Avenue du G\u00e9n\u00e9ral de Gaulle, 74200 Thonon-les-Bains Gymnase Saint Joseph16 Avenue d\u2019Evian, <a class=\"more-link\" href=\"https:\/\/tbc74.fr\/new%20wordpress\/index.php\/creneaux-horaires\/\">Continuer la lecture <span class=\"screen-reader-text\">  Cr\u00e9neaux horaires \/ Saison 2025 &#8211; 2026<\/span><span class=\"meta-nav\">&rarr;<\/span><\/a><\/p>\n","protected":false},"author":1,"featured_media":0,"parent":0,"menu_order":0,"comment_status":"closed","ping_status":"closed","template":"","meta":{"footnotes":""},"class_list":["post-25","page","type-page","status-publish","hentry"],"jetpack_sharing_enabled":true,"_links":{"self":[{"href":"https:\/\/tbc74.fr\/new%20wordpress\/index.php\/wp-json\/wp\/v2\/pages\/25","targetHints":{"allow":["GET"]}}],"collection":[{"href":"https:\/\/tbc74.fr\/new%20wordpress\/index.php\/wp-json\/wp\/v2\/pages"}],"about":[{"href":"https:\/\/tbc74.fr\/new%20wordpress\/index.php\/wp-json\/wp\/v2\/types\/page"}],"author":[{"embeddable":true,"href":"https:\/\/tbc74.fr\/new%20wordpress\/index.php\/wp-json\/wp\/v2\/users\/1"}],"replies":[{"embeddable":true,"href":"https:\/\/tbc74.fr\/new%20wordpress\/index.php\/wp-json\/wp\/v2\/comments?post=25"}],"version-history":[{"count":33,"href":"https:\/\/tbc74.fr\/new%20wordpress\/index.php\/wp-json\/wp\/v2\/pages\/25\/revisions"}],"predecessor-version":[{"id":3164,"href":"https:\/\/tbc74.fr\/new%20wordpress\/index.php\/wp-json\/wp\/v2\/pages\/25\/revisions\/3164"}],"wp:attachment":[{"href":"https:\/\/tbc74.fr\/new%20wordpress\/index.php\/wp-json\/wp\/v2\/media?parent=25"}],"curies":[{"name":"wp","href":"https:\/\/api.w.org\/{rel}","templated":true}]}}