{"id":2954,"date":"2024-08-01T15:46:14","date_gmt":"2024-08-01T13:46:14","guid":{"rendered":"https:\/\/tbc74.fr\/new%20wordpress\/?page_id=2954"},"modified":"2024-08-01T15:51:03","modified_gmt":"2024-08-01T13:51:03","slug":"1er-mixte-du-leman","status":"publish","type":"page","link":"https:\/\/tbc74.fr\/new%20wordpress\/index.php\/1er-mixte-du-leman\/","title":{"rendered":"1ER TOURNOI DE MIXTE DU LEMAN"},"content":{"rendered":"\n<p>Le Thonon Badminton Club vous convie \u00e0 son 1er tournoi de mixte du L\u00e9man le dimanche 29 septembre 2024<\/p>\n\n\n\n<p>Ouvert de N2 \u00e0 NC. Ne tardez pas !!! Maximum 150 joueurs !!! <\/p>\n\n\n\n<p>Date limite d&rsquo;inscription : 18 septembre 2024 <\/p>\n\n\n\n<p>Votre licence 2024\/2025 doit \u00eatre \u00e0 jour. Le TBC \u00e0 de nouveau, h\u00e2te de vous retrouver !! <\/p>\n\n\n\n<p><a href=\"https:\/\/badnet.fr\/tournoi\/public?eventid=24891\">https:\/\/badnet.fr\/tournoi\/public?eventid=24891<\/a><\/p>\n\n\n\n<figure class=\"wp-block-image size-full\"><img loading=\"lazy\" decoding=\"async\" width=\"480\" height=\"480\" src=\"https:\/\/tbc74.fr\/new%20wordpress\/wp-content\/uploads\/2024\/08\/IMG_9678.jpg\" alt=\"\" class=\"wp-image-2958\" srcset=\"https:\/\/tbc74.fr\/new%20wordpress\/wp-content\/uploads\/2024\/08\/IMG_9678.jpg 480w, https:\/\/tbc74.fr\/new%20wordpress\/wp-content\/uploads\/2024\/08\/IMG_9678-300x300.jpg 300w, https:\/\/tbc74.fr\/new%20wordpress\/wp-content\/uploads\/2024\/08\/IMG_9678-150x150.jpg 150w\" sizes=\"auto, (max-width: 480px) 100vw, 480px\" \/><\/figure>\n","protected":false},"excerpt":{"rendered":"<p>Le Thonon Badminton Club vous convie \u00e0 son 1er tournoi de mixte du L\u00e9man le dimanche 29 septembre 2024 Ouvert de N2 \u00e0 NC. Ne tardez pas !!! Maximum 150 joueurs !!! Date limite d&rsquo;inscription : 18 septembre 2024 Votre <a class=\"more-link\" href=\"https:\/\/tbc74.fr\/new%20wordpress\/index.php\/1er-mixte-du-leman\/\">Continuer la lecture <span class=\"screen-reader-text\">  1ER TOURNOI DE MIXTE DU LEMAN<\/span><span class=\"meta-nav\">&rarr;<\/span><\/a><\/p>\n","protected":false},"author":1,"featured_media":0,"parent":0,"menu_order":0,"comment_status":"closed","ping_status":"closed","template":"","meta":{"footnotes":""},"class_list":["post-2954","page","type-page","status-publish","hentry"],"jetpack_sharing_enabled":true,"_links":{"self":[{"href":"https:\/\/tbc74.fr\/new%20wordpress\/index.php\/wp-json\/wp\/v2\/pages\/2954","targetHints":{"allow":["GET"]}}],"collection":[{"href":"https:\/\/tbc74.fr\/new%20wordpress\/index.php\/wp-json\/wp\/v2\/pages"}],"about":[{"href":"https:\/\/tbc74.fr\/new%20wordpress\/index.php\/wp-json\/wp\/v2\/types\/page"}],"author":[{"embeddable":true,"href":"https:\/\/tbc74.fr\/new%20wordpress\/index.php\/wp-json\/wp\/v2\/users\/1"}],"replies":[{"embeddable":true,"href":"https:\/\/tbc74.fr\/new%20wordpress\/index.php\/wp-json\/wp\/v2\/comments?post=2954"}],"version-history":[{"count":3,"href":"https:\/\/tbc74.fr\/new%20wordpress\/index.php\/wp-json\/wp\/v2\/pages\/2954\/revisions"}],"predecessor-version":[{"id":2960,"href":"https:\/\/tbc74.fr\/new%20wordpress\/index.php\/wp-json\/wp\/v2\/pages\/2954\/revisions\/2960"}],"wp:attachment":[{"href":"https:\/\/tbc74.fr\/new%20wordpress\/index.php\/wp-json\/wp\/v2\/media?parent=2954"}],"curies":[{"name":"wp","href":"https:\/\/api.w.org\/{rel}","templated":true}]}}