{"id":34,"date":"2019-01-20T10:02:26","date_gmt":"2019-01-20T09:02:26","guid":{"rendered":"http:\/\/tbc74.fr\/new%20wordpress\/?page_id=34"},"modified":"2025-08-01T15:53:33","modified_gmt":"2025-08-01T13:53:33","slug":"tarifs","status":"publish","type":"page","link":"https:\/\/tbc74.fr\/new%20wordpress\/index.php\/tarifs\/","title":{"rendered":"Tarifs &#8211; Saison 2025\/2026"},"content":{"rendered":"\n<p><\/p>\n\n\n\n<p><strong>Licence FFBaD et assurance comprises<\/strong><\/p>\n\n\n\n<p><strong>&gt; Adultes (n\u00e9s en 2007 et avant) et Juniors (n\u00e9s en 2008 et 2009) :<\/strong><\/p>\n\n\n\n<p>+ Jeu libre :&nbsp; 180 \u20ac<\/p>\n\n\n\n<p>+ Entra\u00eenement adulte \u00ab initiation \u00bb \/ \u00ab perfectionnement \u00bb \/ \u00ab comp\u00e9titeur \u00bb :&nbsp;&nbsp;&nbsp; 250 \u20ac<\/p>\n\n\n\n<p><strong>&gt; Jeunes \u00abencadr\u00e9s\u00bb et jeu libre :<\/strong><\/p>\n\n\n\n<p>+ Cadets (n\u00e9s en 2010 et 2011) : 150 \u20ac<\/p>\n\n\n\n<p>+ Minimes (n\u00e9s en 2012 et 2013) : 150 \u20ac<\/p>\n\n\n\n<p>+ Benjamins (n\u00e9s en 2014 et 2015) : 150 \u20ac<\/p>\n\n\n\n<p>+ Poussins (n\u00e9s en 2016 et 2017) : 150 \u20ac<\/p>\n\n\n\n<p>+ Minibad (n\u00e9s en 2018, 2019 et 2020) :\u00a0\u00a0 110 \u20ac<\/p>\n\n\n\n<p>Uniquement le jeu libre du vendredi : 90 \u20ac<\/p>\n\n\n\n<p>Double licence : 100 \u20ac \/ Avec 1 entra\u00eenement : 160\u20ac<\/p>\n\n\n\n<p>Un suppl\u00e9ment de 40 euros sera demand\u00e9 aux jeunes s\u00e9lectionn\u00e9s pour un 2\u00e8me entra\u00eenement avec l&rsquo;entra\u00eeneur.<\/p>\n\n\n\n<p><strong>Tarifs r\u00e9duits &#8211; Offres sp\u00e9ciales : <\/strong><\/p>\n\n\n\n<p>+ Personnes vivant sous le m\u00eame toit : une <strong>r\u00e9duction de 10 euros<\/strong> est accord\u00e9e sur la deuxi\u00e8me licence pour les <strong>membres d&rsquo;un m\u00eame foyer.<\/strong> <\/p>\n\n\n\n<p><strong>Tous les entra\u00eenements \u00ab&nbsp;encadr\u00e9s&nbsp;\u00bb donnent acc\u00e8s aux cr\u00e9neaux \u00ab&nbsp;jeu libre&nbsp;\u00bb.<\/strong><\/p>\n\n\n\n<p>Pour vous inscrire au club, vous devez remplir le formulaire d\u2019inscription, la fiche licenci\u00e9 et nous transmettre le questionnaire de sant\u00e9 et votre r\u00e8glement (ch\u00e8que ou esp\u00e8ce). Ces documents sont disponibles dans notre rubrique&nbsp;<a href=\"https:\/\/tbc74.fr\/new%20wordpress\/index.php\/telechargements\/\">\u00ab&nbsp;T\u00e9l\u00e9chargements&nbsp;\u00bb<\/a>.<br>Attention, concernant le certificat m\u00e9dical ou le questionnaire de sant\u00e9, seuls les mod\u00e8les de la FFBaD seront accept\u00e9s.<\/p>\n\n\n\n<p>Le club est partenaire du \u00ab Pass\u2019R\u00e9gion \u00bb pour les jeunes de 16 \u00e0 25 ans de la r\u00e9gion Auvergne-Rh\u00f4ne-Alpes. Cette carte donne droit \u00e0 30 \u20ac de r\u00e9duction sur votre cotisation. Pour en b\u00e9n\u00e9ficier, vous devrez noter votre num\u00e9ro d\u2019adh\u00e9rent en haut du formulaire d\u2019inscription et le code \u00e0 4 chiffres.<\/p>\n\n\n\n<p>Le club est \u00e9galement partenaire du Pass&rsquo;Sport. <\/p>\n","protected":false},"excerpt":{"rendered":"<p>Licence FFBaD et assurance comprises &gt; Adultes (n\u00e9s en 2007 et avant) et Juniors (n\u00e9s en 2008 et 2009) : + Jeu libre :&nbsp; 180 \u20ac + Entra\u00eenement adulte \u00ab initiation \u00bb \/ \u00ab perfectionnement \u00bb \/ \u00ab comp\u00e9titeur \u00bb <a class=\"more-link\" href=\"https:\/\/tbc74.fr\/new%20wordpress\/index.php\/tarifs\/\">Continuer la lecture <span class=\"screen-reader-text\">  Tarifs &#8211; Saison 2025\/2026<\/span><span class=\"meta-nav\">&rarr;<\/span><\/a><\/p>\n","protected":false},"author":1,"featured_media":0,"parent":0,"menu_order":0,"comment_status":"closed","ping_status":"closed","template":"","meta":{"footnotes":""},"class_list":["post-34","page","type-page","status-publish","hentry"],"jetpack_sharing_enabled":true,"_links":{"self":[{"href":"https:\/\/tbc74.fr\/new%20wordpress\/index.php\/wp-json\/wp\/v2\/pages\/34","targetHints":{"allow":["GET"]}}],"collection":[{"href":"https:\/\/tbc74.fr\/new%20wordpress\/index.php\/wp-json\/wp\/v2\/pages"}],"about":[{"href":"https:\/\/tbc74.fr\/new%20wordpress\/index.php\/wp-json\/wp\/v2\/types\/page"}],"author":[{"embeddable":true,"href":"https:\/\/tbc74.fr\/new%20wordpress\/index.php\/wp-json\/wp\/v2\/users\/1"}],"replies":[{"embeddable":true,"href":"https:\/\/tbc74.fr\/new%20wordpress\/index.php\/wp-json\/wp\/v2\/comments?post=34"}],"version-history":[{"count":26,"href":"https:\/\/tbc74.fr\/new%20wordpress\/index.php\/wp-json\/wp\/v2\/pages\/34\/revisions"}],"predecessor-version":[{"id":3156,"href":"https:\/\/tbc74.fr\/new%20wordpress\/index.php\/wp-json\/wp\/v2\/pages\/34\/revisions\/3156"}],"wp:attachment":[{"href":"https:\/\/tbc74.fr\/new%20wordpress\/index.php\/wp-json\/wp\/v2\/media?parent=34"}],"curies":[{"name":"wp","href":"https:\/\/api.w.org\/{rel}","templated":true}]}}