{"id":827,"date":"2019-01-22T15:38:01","date_gmt":"2019-01-22T14:38:01","guid":{"rendered":"http:\/\/tbc74.fr\/new%20wordpress\/?page_id=827"},"modified":"2024-08-07T14:39:36","modified_gmt":"2024-08-07T12:39:36","slug":"ventes","status":"publish","type":"page","link":"https:\/\/tbc74.fr\/new%20wordpress\/index.php\/ventes\/","title":{"rendered":"Ventes"},"content":{"rendered":"\n<p>Le club b\u00e9n\u00e9ficie d\u2019un partenariat avec \u00ab Pulse Sports \u00bb.<\/p>\n\n\n\n<p>Vous avez la possibilit\u00e9 d\u2019acheter en direct ou en ligne du mat\u00e9riel et des accessoires de badminton&nbsp;\u00e0 des prix pr\u00e9f\u00e9rentiels gr\u00e2ce \u00e0 des r\u00e9ductions sur les tarifs publics.<\/p>\n\n\n\n<p><strong>Pour cela, il vous suffit de <\/strong>vous rendre \u00e0 sa boutique implant\u00e9 au 19 avenue du Pr\u00e9 Robert Sud \u00e0 Anthy sur L\u00e9man <strong><br><\/strong>Vous b\u00e9n\u00e9ficierez alors de r\u00e9ductions sur les prix publics. <\/p>\n\n\n\n<p>Une page Facebook vous propose r\u00e9guli\u00e8rement des r\u00e9ductions  et bien d\u2019autres choses encore.<br>Pour cela, il vous suffit d\u2019aimer la page Pulse Sports :&nbsp;<a href=\"https:\/\/www.facebook.com\/profile.php?id=61559365121602&amp;locale=fr_FR\">Pulse Sports<\/a><\/p>\n\n\n\n<figure class=\"wp-block-image size-large\"><img loading=\"lazy\" decoding=\"async\" width=\"1024\" height=\"1024\" src=\"https:\/\/tbc74.fr\/new%20wordpress\/wp-content\/uploads\/2024\/08\/IMG_9675-2-1024x1024.jpg\" alt=\"\" class=\"wp-image-2977\" srcset=\"https:\/\/tbc74.fr\/new%20wordpress\/wp-content\/uploads\/2024\/08\/IMG_9675-2-1024x1024.jpg 1024w, https:\/\/tbc74.fr\/new%20wordpress\/wp-content\/uploads\/2024\/08\/IMG_9675-2-300x300.jpg 300w, https:\/\/tbc74.fr\/new%20wordpress\/wp-content\/uploads\/2024\/08\/IMG_9675-2-150x150.jpg 150w, https:\/\/tbc74.fr\/new%20wordpress\/wp-content\/uploads\/2024\/08\/IMG_9675-2-768x768.jpg 768w, https:\/\/tbc74.fr\/new%20wordpress\/wp-content\/uploads\/2024\/08\/IMG_9675-2-1536x1536.jpg 1536w, https:\/\/tbc74.fr\/new%20wordpress\/wp-content\/uploads\/2024\/08\/IMG_9675-2-2048x2048.jpg 2048w\" sizes=\"auto, (max-width: 1024px) 100vw, 1024px\" \/><\/figure>\n\n\n","protected":false},"excerpt":{"rendered":"<p>Le club b\u00e9n\u00e9ficie d\u2019un partenariat avec \u00ab Pulse Sports \u00bb. Vous avez la possibilit\u00e9 d\u2019acheter en direct ou en ligne du mat\u00e9riel et des accessoires de badminton&nbsp;\u00e0 des prix pr\u00e9f\u00e9rentiels gr\u00e2ce \u00e0 des r\u00e9ductions sur les tarifs publics. Pour cela, <a class=\"more-link\" href=\"https:\/\/tbc74.fr\/new%20wordpress\/index.php\/ventes\/\">Continuer la lecture <span class=\"screen-reader-text\">  Ventes<\/span><span class=\"meta-nav\">&rarr;<\/span><\/a><\/p>\n","protected":false},"author":1,"featured_media":0,"parent":0,"menu_order":0,"comment_status":"closed","ping_status":"closed","template":"","meta":{"footnotes":""},"class_list":["post-827","page","type-page","status-publish","hentry"],"jetpack_sharing_enabled":true,"_links":{"self":[{"href":"https:\/\/tbc74.fr\/new%20wordpress\/index.php\/wp-json\/wp\/v2\/pages\/827","targetHints":{"allow":["GET"]}}],"collection":[{"href":"https:\/\/tbc74.fr\/new%20wordpress\/index.php\/wp-json\/wp\/v2\/pages"}],"about":[{"href":"https:\/\/tbc74.fr\/new%20wordpress\/index.php\/wp-json\/wp\/v2\/types\/page"}],"author":[{"embeddable":true,"href":"https:\/\/tbc74.fr\/new%20wordpress\/index.php\/wp-json\/wp\/v2\/users\/1"}],"replies":[{"embeddable":true,"href":"https:\/\/tbc74.fr\/new%20wordpress\/index.php\/wp-json\/wp\/v2\/comments?post=827"}],"version-history":[{"count":6,"href":"https:\/\/tbc74.fr\/new%20wordpress\/index.php\/wp-json\/wp\/v2\/pages\/827\/revisions"}],"predecessor-version":[{"id":2981,"href":"https:\/\/tbc74.fr\/new%20wordpress\/index.php\/wp-json\/wp\/v2\/pages\/827\/revisions\/2981"}],"wp:attachment":[{"href":"https:\/\/tbc74.fr\/new%20wordpress\/index.php\/wp-json\/wp\/v2\/media?parent=827"}],"curies":[{"name":"wp","href":"https:\/\/api.w.org\/{rel}","templated":true}]}}