{"id":830,"date":"2019-01-22T15:38:34","date_gmt":"2019-01-22T14:38:34","guid":{"rendered":"http:\/\/tbc74.fr\/new%20wordpress\/?page_id=830"},"modified":"2024-08-01T15:40:01","modified_gmt":"2024-08-01T13:40:01","slug":"partenariat-ab-sports","status":"publish","type":"page","link":"https:\/\/tbc74.fr\/new%20wordpress\/index.php\/partenariat-ab-sports\/","title":{"rendered":"Partenariat Pulse Sports"},"content":{"rendered":"\n<p>Le club b\u00e9n\u00e9ficie d\u2019un partenariat avec \u00ab Pulse Sports \u00bb pour les deux prochaines saisons <\/p>\n\n\n\n<p>Vous avez la possibilit\u00e9 d\u2019acheter en direct des \u00e9quipements de badminton\u00a0\u00e0 des prix pr\u00e9f\u00e9rentiels gr\u00e2ce \u00e0 des r\u00e9ductions sur les tarifs publics.<\/p>\n\n\n\n<p><a href=\"https:\/\/www.pulse-sports.fr\/?fbclid=IwY2xjawEYbqZleHRuA2FlbQIxMAABHQHCo_obsUiX-paXXq7nkBzvKVXzqDkbueEGo7tp8IiGXIrp3PkEr4nXNA_aem_LPjjwY6-Yd8OijZUssaMOA\" data-type=\"URL\" data-id=\"https:\/\/www.pulse-sports.fr\/?fbclid=IwY2xjawEYbqZleHRuA2FlbQIxMAABHQHCo_obsUiX-paXXq7nkBzvKVXzqDkbueEGo7tp8IiGXIrp3PkEr4nXNA_aem_LPjjwY6-Yd8OijZUssaMOA\">https:\/\/www.pulse-sports.fr\/?fbclid=IwY2xjawEYbqZleHRuA2FlbQIxMAABHQHCo_obsUiX-paXXq7nkBzvKVXzqDkbueEGo7tp8IiGXIrp3PkEr4nXNA_aem_LPjjwY6-Yd8OijZUssaMOA<\/a><\/p>\n\n\n<p><!--EndFragment--><\/p>\n\n\n<p>Site internet en cours de cr\u00e9ation. Cependant vous pouvez lui adresser un message : <a href=\"mailto:contact@pulse-sports.fr\">contact@pulse-sports.fr<\/a> ou aller y faire un tour directement !! <\/p>\n\n\n\n<p>Vous avez la possibilit\u00e9 de le suivre sur Facebook et Instagram pour profiter en avant-premi\u00e8re des informations et des derni\u00e8res sorties en \u00e9quipements ! <\/p>\n\n\n\n<figure class=\"wp-block-image size-large\"><img loading=\"lazy\" decoding=\"async\" width=\"1024\" height=\"1024\" src=\"https:\/\/tbc74.fr\/new%20wordpress\/wp-content\/uploads\/2024\/08\/IMG_9675-1-1024x1024.jpg\" alt=\"\" class=\"wp-image-2951\" srcset=\"https:\/\/tbc74.fr\/new%20wordpress\/wp-content\/uploads\/2024\/08\/IMG_9675-1-1024x1024.jpg 1024w, https:\/\/tbc74.fr\/new%20wordpress\/wp-content\/uploads\/2024\/08\/IMG_9675-1-300x300.jpg 300w, https:\/\/tbc74.fr\/new%20wordpress\/wp-content\/uploads\/2024\/08\/IMG_9675-1-150x150.jpg 150w, https:\/\/tbc74.fr\/new%20wordpress\/wp-content\/uploads\/2024\/08\/IMG_9675-1-768x768.jpg 768w, https:\/\/tbc74.fr\/new%20wordpress\/wp-content\/uploads\/2024\/08\/IMG_9675-1-1536x1536.jpg 1536w, https:\/\/tbc74.fr\/new%20wordpress\/wp-content\/uploads\/2024\/08\/IMG_9675-1-2048x2048.jpg 2048w\" sizes=\"auto, (max-width: 1024px) 100vw, 1024px\" \/><\/figure>\n","protected":false},"excerpt":{"rendered":"<p>Le club b\u00e9n\u00e9ficie d\u2019un partenariat avec \u00ab Pulse Sports \u00bb pour les deux prochaines saisons Vous avez la possibilit\u00e9 d\u2019acheter en direct des \u00e9quipements de badminton\u00a0\u00e0 des prix pr\u00e9f\u00e9rentiels gr\u00e2ce \u00e0 des r\u00e9ductions sur les tarifs publics. https:\/\/www.pulse-sports.fr\/?fbclid=IwY2xjawEYbqZleHRuA2FlbQIxMAABHQHCo_obsUiX-paXXq7nkBzvKVXzqDkbueEGo7tp8IiGXIrp3PkEr4nXNA_aem_LPjjwY6-Yd8OijZUssaMOA Site internet <a class=\"more-link\" href=\"https:\/\/tbc74.fr\/new%20wordpress\/index.php\/partenariat-ab-sports\/\">Continuer la lecture <span class=\"screen-reader-text\">  Partenariat Pulse Sports<\/span><span class=\"meta-nav\">&rarr;<\/span><\/a><\/p>\n","protected":false},"author":1,"featured_media":0,"parent":0,"menu_order":0,"comment_status":"closed","ping_status":"closed","template":"","meta":{"footnotes":""},"class_list":["post-830","page","type-page","status-publish","hentry"],"jetpack_sharing_enabled":true,"_links":{"self":[{"href":"https:\/\/tbc74.fr\/new%20wordpress\/index.php\/wp-json\/wp\/v2\/pages\/830","targetHints":{"allow":["GET"]}}],"collection":[{"href":"https:\/\/tbc74.fr\/new%20wordpress\/index.php\/wp-json\/wp\/v2\/pages"}],"about":[{"href":"https:\/\/tbc74.fr\/new%20wordpress\/index.php\/wp-json\/wp\/v2\/types\/page"}],"author":[{"embeddable":true,"href":"https:\/\/tbc74.fr\/new%20wordpress\/index.php\/wp-json\/wp\/v2\/users\/1"}],"replies":[{"embeddable":true,"href":"https:\/\/tbc74.fr\/new%20wordpress\/index.php\/wp-json\/wp\/v2\/comments?post=830"}],"version-history":[{"count":7,"href":"https:\/\/tbc74.fr\/new%20wordpress\/index.php\/wp-json\/wp\/v2\/pages\/830\/revisions"}],"predecessor-version":[{"id":2952,"href":"https:\/\/tbc74.fr\/new%20wordpress\/index.php\/wp-json\/wp\/v2\/pages\/830\/revisions\/2952"}],"wp:attachment":[{"href":"https:\/\/tbc74.fr\/new%20wordpress\/index.php\/wp-json\/wp\/v2\/media?parent=830"}],"curies":[{"name":"wp","href":"https:\/\/api.w.org\/{rel}","templated":true}]}}