{"id":832,"date":"2019-01-22T15:39:52","date_gmt":"2019-01-22T14:39:52","guid":{"rendered":"http:\/\/tbc74.fr\/new%20wordpress\/?page_id=832"},"modified":"2024-08-01T15:34:56","modified_gmt":"2024-08-01T13:34:56","slug":"cordage-de-vos-raquettes","status":"publish","type":"page","link":"https:\/\/tbc74.fr\/new%20wordpress\/index.php\/cordage-de-vos-raquettes\/","title":{"rendered":"Cordage de vos raquettes"},"content":{"rendered":"\n<ul class=\"wp-block-list\"><li>Aller chez Pulse Sports, notre nouveau partenaire situ\u00e9 au 19 avenue du Pr\u00e9 Robert Sud \u00e0 Anthy sur L\u00e9man !!! (A 5 minutes de la sortie de Thonon) <\/li><\/ul>\n\n\n\n<p>En annon\u00e7ant le nom du cub, tu b\u00e9n\u00e9ficieras d&rsquo;une r\u00e9duction.<\/p>\n\n\n\n<p><strong>Le cordage et la pose ne te co\u00fbtera que la modique somme de 17 euros&nbsp;!!!<\/strong><\/p>\n\n\n\n<figure class=\"wp-block-image size-large\"><img loading=\"lazy\" decoding=\"async\" width=\"1024\" height=\"1024\" src=\"https:\/\/tbc74.fr\/new%20wordpress\/wp-content\/uploads\/2024\/08\/IMG_9675-1024x1024.jpg\" alt=\"\" class=\"wp-image-2947\" srcset=\"https:\/\/tbc74.fr\/new%20wordpress\/wp-content\/uploads\/2024\/08\/IMG_9675-1024x1024.jpg 1024w, https:\/\/tbc74.fr\/new%20wordpress\/wp-content\/uploads\/2024\/08\/IMG_9675-300x300.jpg 300w, https:\/\/tbc74.fr\/new%20wordpress\/wp-content\/uploads\/2024\/08\/IMG_9675-150x150.jpg 150w, https:\/\/tbc74.fr\/new%20wordpress\/wp-content\/uploads\/2024\/08\/IMG_9675-768x768.jpg 768w, https:\/\/tbc74.fr\/new%20wordpress\/wp-content\/uploads\/2024\/08\/IMG_9675-1536x1536.jpg 1536w, https:\/\/tbc74.fr\/new%20wordpress\/wp-content\/uploads\/2024\/08\/IMG_9675-2048x2048.jpg 2048w\" sizes=\"auto, (max-width: 1024px) 100vw, 1024px\" \/><\/figure>\n","protected":false},"excerpt":{"rendered":"<p>Aller chez Pulse Sports, notre nouveau partenaire situ\u00e9 au 19 avenue du Pr\u00e9 Robert Sud \u00e0 Anthy sur L\u00e9man !!! (A 5 minutes de la sortie de Thonon) En annon\u00e7ant le nom du cub, tu b\u00e9n\u00e9ficieras d&rsquo;une r\u00e9duction. Le cordage <a class=\"more-link\" href=\"https:\/\/tbc74.fr\/new%20wordpress\/index.php\/cordage-de-vos-raquettes\/\">Continuer la lecture <span class=\"screen-reader-text\">  Cordage de vos raquettes<\/span><span class=\"meta-nav\">&rarr;<\/span><\/a><\/p>\n","protected":false},"author":1,"featured_media":0,"parent":0,"menu_order":0,"comment_status":"closed","ping_status":"closed","template":"","meta":{"footnotes":""},"class_list":["post-832","page","type-page","status-publish","hentry"],"jetpack_sharing_enabled":true,"_links":{"self":[{"href":"https:\/\/tbc74.fr\/new%20wordpress\/index.php\/wp-json\/wp\/v2\/pages\/832","targetHints":{"allow":["GET"]}}],"collection":[{"href":"https:\/\/tbc74.fr\/new%20wordpress\/index.php\/wp-json\/wp\/v2\/pages"}],"about":[{"href":"https:\/\/tbc74.fr\/new%20wordpress\/index.php\/wp-json\/wp\/v2\/types\/page"}],"author":[{"embeddable":true,"href":"https:\/\/tbc74.fr\/new%20wordpress\/index.php\/wp-json\/wp\/v2\/users\/1"}],"replies":[{"embeddable":true,"href":"https:\/\/tbc74.fr\/new%20wordpress\/index.php\/wp-json\/wp\/v2\/comments?post=832"}],"version-history":[{"count":4,"href":"https:\/\/tbc74.fr\/new%20wordpress\/index.php\/wp-json\/wp\/v2\/pages\/832\/revisions"}],"predecessor-version":[{"id":2949,"href":"https:\/\/tbc74.fr\/new%20wordpress\/index.php\/wp-json\/wp\/v2\/pages\/832\/revisions\/2949"}],"wp:attachment":[{"href":"https:\/\/tbc74.fr\/new%20wordpress\/index.php\/wp-json\/wp\/v2\/media?parent=832"}],"curies":[{"name":"wp","href":"https:\/\/api.w.org\/{rel}","templated":true}]}}