{"id":843,"date":"2019-01-22T15:44:02","date_gmt":"2019-01-22T14:44:02","guid":{"rendered":"http:\/\/tbc74.fr\/new%20wordpress\/?page_id=843"},"modified":"2025-07-31T23:11:16","modified_gmt":"2025-07-31T21:11:16","slug":"telechargements","status":"publish","type":"page","link":"https:\/\/tbc74.fr\/new%20wordpress\/index.php\/telechargements\/","title":{"rendered":"T\u00e9l\u00e9chargements"},"content":{"rendered":"\n<p><strong>Cliquez sur le document souhait\u00e9 pour l\u2019afficher et le t\u00e9l\u00e9charger :<\/strong><\/p>\n\n\n\n<p>Pour vous inscrire au club ou inscrire votre enfant, vous devez remplir le formulaire d\u2019inscription, la fiche licenci\u00e9 et nous transmettre le questionnaire de sant\u00e9 et votre r\u00e8glement (ch\u00e8que ou esp\u00e8ce).<\/p>\n\n\n\n<p><strong>ADULTES :<\/strong> <\/p>\n\n\n\n<p><a href=\"https:\/\/frontwebservice.ffbad.org\/storage\/documents\/pages\/Pratiquer\/Se_licencier\/Licence\/FFBaD_FORMULAIRE_SAISON_2025-2026_ADULTE_ok.pdf\" data-type=\"link\" data-id=\"https:\/\/frontwebservice.ffbad.org\/storage\/documents\/pages\/Pratiquer\/Se_licencier\/Licence\/FFBaD_FORMULAIRE_SAISON_2025-2026_ADULTE_ok.pdf\">+Formulaire d&rsquo;inscription adultes <\/a><\/p>\n\n\n\n<p><a href=\"https:\/\/tbc74.fr\/new%20wordpress\/wp-content\/uploads\/2025\/07\/Fiche_licencie-adultes-2025-2026-1.pdf\" data-type=\"link\" data-id=\"https:\/\/tbc74.fr\/new%20wordpress\/wp-content\/uploads\/2025\/07\/Fiche_licencie-adultes-2025-2026-1.pdf\">+ Fiche licenci\u00e9-e adulte<\/a><\/p>\n\n\n\n<p><a href=\"https:\/\/echange.ffbad.org\/index.php\/s\/gwxR3oAB8JMWQnc#pdfviewer\" data-type=\"URL\" data-id=\"https:\/\/echange.ffbad.org\/index.php\/s\/gwxR3oAB8JMWQnc#pdfviewer\">+ Questionnaire de sant\u00e9 adultes<\/a><\/p>\n\n\n\n<p><a href=\"https:\/\/gdb.ffbad.org\/2024-2025\/Src\/GDB-02\/GUI02.01F01_PSO_CertificatDeNonContre-Indication_Form.pdf\" data-type=\"URL\" data-id=\"https:\/\/gdb.ffbad.org\/2024-2025\/Src\/GDB-02\/GUI02.01F01_PSO_CertificatDeNonContre-Indication_Form.pdf\">+ Certificat m\u00e9dical<\/a><\/p>\n\n\n\n<p><strong>JEUNES<\/strong> : <\/p>\n\n\n\n<p><a href=\"https:\/\/frontwebservice.ffbad.org\/storage\/documents\/pages\/Pratiquer\/Se_licencier\/Licence\/FFBaD_FORMULAIRE_SAISON_2025-2026_MINEUR_ok.pdf\" data-type=\"link\" data-id=\"https:\/\/frontwebservice.ffbad.org\/storage\/documents\/pages\/Pratiquer\/Se_licencier\/Licence\/FFBaD_FORMULAIRE_SAISON_2025-2026_MINEUR_ok.pdf\">+ Formulaire d&rsquo;inscription mineurs <\/a><\/p>\n\n\n\n<p><a href=\"https:\/\/tbc74.fr\/new%20wordpress\/wp-content\/uploads\/2025\/07\/Fiche_licencie_jeunes_2025_2026-2-1.pdf\" data-type=\"link\" data-id=\"https:\/\/tbc74.fr\/new%20wordpress\/wp-content\/uploads\/2025\/07\/Fiche_licencie_jeunes_2025_2026-2-1.pdf\">+ Fiche licenci\u00e9-e mineur<\/a><\/p>\n\n\n\n<p><a href=\"https:\/\/echange.ffbad.org\/index.php\/s\/fLDrPAzzi3pmNbw#pdfviewer\" data-type=\"URL\" data-id=\"https:\/\/echange.ffbad.org\/index.php\/s\/fLDrPAzzi3pmNbw#pdfviewer\" target=\"_blank\" rel=\"noreferrer noopener\">+ Questionnaire de sant\u00e9 mineurs<\/a><\/p>\n\n\n\n<p><a href=\"https:\/\/gdb.ffbad.org\/2024-2025\/Src\/GDB-02\/GUI02.01F01_PSO_CertificatDeNonContre-Indication_Form.pdf\" data-type=\"URL\" data-id=\"https:\/\/gdb.ffbad.org\/2024-2025\/Src\/GDB-02\/GUI02.01F01_PSO_CertificatDeNonContre-Indication_Form.pdf\">+ Certificat m\u00e9dical<\/a><\/p>\n\n\n\n<p><strong>LICENCE ESTIVALE : <\/strong><br><a href=\"https:\/\/frontwebservice.ffbad.org\/storage\/documents\/pages\/Pratiquer\/Se_licencier\/Licence\/ffbad-formulaire-2024-2025-mineurs-estival-ok-1.pdf\">Licence estivale mineurs 24\/25<\/a><\/p>\n\n\n\n<p><a href=\"https:\/\/frontwebservice.ffbad.org\/storage\/documents\/pages\/Pratiquer\/Se_licencier\/Licence\/ffbad-formulaire-2024-2025-adultes-estival-ok-1.pdf\" data-type=\"link\" data-id=\"https:\/\/frontwebservice.ffbad.org\/storage\/documents\/pages\/Pratiquer\/Se_licencier\/Licence\/ffbad-formulaire-2024-2025-adultes-estival-ok-1.pdf\">Licence estivale adultes 24\/25<\/a><\/p>\n","protected":false},"excerpt":{"rendered":"<p>Cliquez sur le document souhait\u00e9 pour l\u2019afficher et le t\u00e9l\u00e9charger : Pour vous inscrire au club ou inscrire votre enfant, vous devez remplir le formulaire d\u2019inscription, la fiche licenci\u00e9 et nous transmettre le questionnaire de sant\u00e9 et votre r\u00e8glement (ch\u00e8que <a class=\"more-link\" href=\"https:\/\/tbc74.fr\/new%20wordpress\/index.php\/telechargements\/\">Continuer la lecture <span class=\"screen-reader-text\">  T\u00e9l\u00e9chargements<\/span><span class=\"meta-nav\">&rarr;<\/span><\/a><\/p>\n","protected":false},"author":1,"featured_media":0,"parent":0,"menu_order":0,"comment_status":"closed","ping_status":"closed","template":"","meta":{"footnotes":""},"class_list":["post-843","page","type-page","status-publish","hentry"],"jetpack_sharing_enabled":true,"_links":{"self":[{"href":"https:\/\/tbc74.fr\/new%20wordpress\/index.php\/wp-json\/wp\/v2\/pages\/843","targetHints":{"allow":["GET"]}}],"collection":[{"href":"https:\/\/tbc74.fr\/new%20wordpress\/index.php\/wp-json\/wp\/v2\/pages"}],"about":[{"href":"https:\/\/tbc74.fr\/new%20wordpress\/index.php\/wp-json\/wp\/v2\/types\/page"}],"author":[{"embeddable":true,"href":"https:\/\/tbc74.fr\/new%20wordpress\/index.php\/wp-json\/wp\/v2\/users\/1"}],"replies":[{"embeddable":true,"href":"https:\/\/tbc74.fr\/new%20wordpress\/index.php\/wp-json\/wp\/v2\/comments?post=843"}],"version-history":[{"count":55,"href":"https:\/\/tbc74.fr\/new%20wordpress\/index.php\/wp-json\/wp\/v2\/pages\/843\/revisions"}],"predecessor-version":[{"id":3155,"href":"https:\/\/tbc74.fr\/new%20wordpress\/index.php\/wp-json\/wp\/v2\/pages\/843\/revisions\/3155"}],"wp:attachment":[{"href":"https:\/\/tbc74.fr\/new%20wordpress\/index.php\/wp-json\/wp\/v2\/media?parent=843"}],"curies":[{"name":"wp","href":"https:\/\/api.w.org\/{rel}","templated":true}]}}