{"id":869,"date":"2019-01-22T15:56:32","date_gmt":"2019-01-22T14:56:32","guid":{"rendered":"http:\/\/tbc74.fr\/new%20wordpress\/?page_id=869"},"modified":"2019-07-10T18:37:37","modified_gmt":"2019-07-10T16:37:37","slug":"formations","status":"publish","type":"page","link":"https:\/\/tbc74.fr\/new%20wordpress\/index.php\/formations\/","title":{"rendered":"Formations"},"content":{"rendered":"\n<p>Vous souhaitez vous investir activement en participant \u00e0 la vie associative de notre club ?&nbsp;\ud83d\ude42 <\/p>\n\n\n\n<p>Des formations d\u2019encadrement (animation ou entra\u00eenement) vous sont propos\u00e9es et enti\u00e8rement prises en charge par le club.<br>N\u2019h\u00e9sitez pas \u00e0 nous contacter par mail&nbsp;<a href=\"mailto:thonon.tbc74@gmail.com\">thonon.tbc74@gmail.com<\/a>&nbsp;si vous \u00eates int\u00e9ress\u00e9(e) !<\/p>\n","protected":false},"excerpt":{"rendered":"<p>Vous souhaitez vous investir activement en participant \u00e0 la vie associative de notre club ?&nbsp;\ud83d\ude42 Des formations d\u2019encadrement (animation ou entra\u00eenement) vous sont propos\u00e9es et enti\u00e8rement prises en charge par le club.N\u2019h\u00e9sitez pas \u00e0 nous contacter par mail&nbsp;thonon.tbc74@gmail.com&nbsp;si vous \u00eates <a class=\"more-link\" href=\"https:\/\/tbc74.fr\/new%20wordpress\/index.php\/formations\/\">Continuer la lecture <span class=\"screen-reader-text\">  Formations<\/span><span class=\"meta-nav\">&rarr;<\/span><\/a><\/p>\n","protected":false},"author":1,"featured_media":0,"parent":0,"menu_order":0,"comment_status":"closed","ping_status":"closed","template":"","meta":{"footnotes":""},"class_list":["post-869","page","type-page","status-publish","hentry"],"jetpack_sharing_enabled":true,"_links":{"self":[{"href":"https:\/\/tbc74.fr\/new%20wordpress\/index.php\/wp-json\/wp\/v2\/pages\/869","targetHints":{"allow":["GET"]}}],"collection":[{"href":"https:\/\/tbc74.fr\/new%20wordpress\/index.php\/wp-json\/wp\/v2\/pages"}],"about":[{"href":"https:\/\/tbc74.fr\/new%20wordpress\/index.php\/wp-json\/wp\/v2\/types\/page"}],"author":[{"embeddable":true,"href":"https:\/\/tbc74.fr\/new%20wordpress\/index.php\/wp-json\/wp\/v2\/users\/1"}],"replies":[{"embeddable":true,"href":"https:\/\/tbc74.fr\/new%20wordpress\/index.php\/wp-json\/wp\/v2\/comments?post=869"}],"version-history":[{"count":2,"href":"https:\/\/tbc74.fr\/new%20wordpress\/index.php\/wp-json\/wp\/v2\/pages\/869\/revisions"}],"predecessor-version":[{"id":1810,"href":"https:\/\/tbc74.fr\/new%20wordpress\/index.php\/wp-json\/wp\/v2\/pages\/869\/revisions\/1810"}],"wp:attachment":[{"href":"https:\/\/tbc74.fr\/new%20wordpress\/index.php\/wp-json\/wp\/v2\/media?parent=869"}],"curies":[{"name":"wp","href":"https:\/\/api.w.org\/{rel}","templated":true}]}}